{"id":256,"date":"2020-04-11T08:30:07","date_gmt":"2020-04-11T08:30:07","guid":{"rendered":"https:\/\/old3.commonsupport.com\/wp\/conexi\/?page_id=256"},"modified":"2025-05-09T12:07:10","modified_gmt":"2025-05-09T12:07:10","slug":"karriera","status":"publish","type":"page","link":"https:\/\/truntaxi.com\/sq\/karriera\/","title":{"rendered":"Karriera"},"content":{"rendered":"\t\t<div data-elementor-type=\"wp-page\" data-elementor-id=\"256\" class=\"elementor elementor-256\" data-elementor-post-type=\"page\">\n\t\t\t\t<div class=\"elementor-element elementor-element-1b757d3 e-flex e-con-boxed e-con e-parent\" data-id=\"1b757d3\" data-element_type=\"container\" data-settings=\"{&quot;background_background&quot;:&quot;classic&quot;}\">\n\t\t\t\t\t<div class=\"e-con-inner\">\n\t\t\t\t<div class=\"elementor-element elementor-element-da18a96 elementor-widget elementor-widget-heading\" data-id=\"da18a96\" data-element_type=\"widget\" data-widget_type=\"heading.default\">\n\t\t\t\t<div class=\"elementor-widget-container\">\n\t\t\t\t\t<h2 class=\"elementor-heading-title elementor-size-default\">B\u00ebhu pjes\u00eb e ekipit ton\u00eb!<\/h2>\t\t\t\t<\/div>\n\t\t\t\t<\/div>\n\t\t\t\t<div class=\"elementor-element elementor-element-56e105e elementor-widget-divider--view-line elementor-widget elementor-widget-divider\" data-id=\"56e105e\" data-element_type=\"widget\" data-widget_type=\"divider.default\">\n\t\t\t\t<div class=\"elementor-widget-container\">\n\t\t\t\t\t\t\t<div class=\"elementor-divider\">\n\t\t\t<span class=\"elementor-divider-separator\">\n\t\t\t\t\t\t<\/span>\n\t\t<\/div>\n\t\t\t\t\t\t<\/div>\n\t\t\t\t<\/div>\n\t\t\t\t<div class=\"elementor-element elementor-element-3e1a9e2 elementor-widget elementor-widget-text-editor\" data-id=\"3e1a9e2\" data-element_type=\"widget\" data-widget_type=\"text-editor.default\">\n\t\t\t\t<div class=\"elementor-widget-container\">\n\t\t\t\t\t\t\t\t\t<p><strong>T-Run Taxi po k\u00ebrkon shofer\u00eb energjik\u00eb dhe t\u00eb p\u00ebrgjegjsh\u00ebm p\u00ebr t\u00eb operuar n\u00eb qytetin e Tiran\u00ebs.<\/strong><\/p><p><strong>K\u00ebrkesat:<\/strong><\/p><ul><li>Leje drejtimi e vlefshme, kategoria D<\/li><li>D\u00ebshmi Taxi n\u00eb fuqi<\/li><li>D\u00ebshir\u00eb p\u00ebr t\u00eb punuar dhe p\u00ebr t\u00eb fituar mir\u00eb<\/li><\/ul><p><strong>\u00c7far\u00eb ofrojm\u00eb:<\/strong><\/p><ul><li>Lokacion fleksib\u00ebl<\/li><li>Pages\u00eb n\u00eb baz\u00eb p\u00ebrqindjeje<\/li><li>Mund\u00ebsi p\u00ebr t\u00eb aplikuar leht\u00ebsisht p\u00ebrmes mesazhit ose n\u00ebp\u00ebrmjet telefonit<\/li><\/ul>\t\t\t\t\t\t\t\t<\/div>\n\t\t\t\t<\/div>\n\t\t\t\t<div class=\"elementor-element elementor-element-232c3d0 elementor-widget-divider--view-line elementor-widget elementor-widget-divider\" data-id=\"232c3d0\" data-element_type=\"widget\" data-widget_type=\"divider.default\">\n\t\t\t\t<div class=\"elementor-widget-container\">\n\t\t\t\t\t\t\t<div class=\"elementor-divider\">\n\t\t\t<span class=\"elementor-divider-separator\">\n\t\t\t\t\t\t<\/span>\n\t\t<\/div>\n\t\t\t\t\t\t<\/div>\n\t\t\t\t<\/div>\n\t\t\t\t<div class=\"elementor-element elementor-element-796ad47 elementor-widget elementor-widget-spacer\" data-id=\"796ad47\" data-element_type=\"widget\" data-widget_type=\"spacer.default\">\n\t\t\t\t<div class=\"elementor-widget-container\">\n\t\t\t\t\t\t\t<div class=\"elementor-spacer\">\n\t\t\t<div class=\"elementor-spacer-inner\"><\/div>\n\t\t<\/div>\n\t\t\t\t\t\t<\/div>\n\t\t\t\t<\/div>\n\t\t\t\t<div class=\"elementor-element elementor-element-be16ede elementor-widget elementor-widget-heading\" data-id=\"be16ede\" data-element_type=\"widget\" data-widget_type=\"heading.default\">\n\t\t\t\t<div class=\"elementor-widget-container\">\n\t\t\t\t\t<h2 class=\"elementor-heading-title elementor-size-default\">Apliko tani dhe b\u00ebhu pjes\u00eb e ekipit ton\u00eb!<\/h2>\t\t\t\t<\/div>\n\t\t\t\t<\/div>\n\t\t\t\t<div class=\"elementor-element elementor-element-7d2ed30 elementor-widget elementor-widget-spacer\" data-id=\"7d2ed30\" data-element_type=\"widget\" data-widget_type=\"spacer.default\">\n\t\t\t\t<div class=\"elementor-widget-container\">\n\t\t\t\t\t\t\t<div class=\"elementor-spacer\">\n\t\t\t<div class=\"elementor-spacer-inner\"><\/div>\n\t\t<\/div>\n\t\t\t\t\t\t<\/div>\n\t\t\t\t<\/div>\n\t\t\t\t<div class=\"elementor-element elementor-element-b74cc25 microsoft-card elementor-button-align-stretch elementor-widget elementor-widget-form\" data-id=\"b74cc25\" data-element_type=\"widget\" data-settings=\"{&quot;step_next_label&quot;:&quot;Next&quot;,&quot;step_previous_label&quot;:&quot;Previous&quot;,&quot;button_width&quot;:&quot;100&quot;,&quot;step_type&quot;:&quot;number_text&quot;,&quot;step_icon_shape&quot;:&quot;circle&quot;}\" data-widget_type=\"form.default\">\n\t\t\t\t<div class=\"elementor-widget-container\">\n\t\t\t\t\t\t\t<form class=\"elementor-form\" method=\"post\" name=\"New Form\">\n\t\t\t<input type=\"hidden\" name=\"post_id\" value=\"256\"\/>\n\t\t\t<input type=\"hidden\" name=\"form_id\" value=\"b74cc25\"\/>\n\t\t\t<input type=\"hidden\" name=\"referer_title\" value=\"T-Run Taxi\" \/>\n\n\t\t\t\n\t\t\t<div class=\"elementor-form-fields-wrapper elementor-labels-above\">\n\t\t\t\t\t\t\t\t<div class=\"elementor-field-type-text elementor-field-group elementor-column elementor-field-group-field_b6054fc elementor-col-50 elementor-field-required\">\n\t\t\t\t\t\t\t\t\t\t\t\t\t<input size=\"1\" type=\"text\" name=\"form_fields[field_b6054fc]\" id=\"form-field-field_b6054fc\" class=\"elementor-field elementor-size-sm  elementor-field-textual\" placeholder=\"Emri dhe mbiemri\" required=\"required\">\n\t\t\t\t\t\t\t\t\t\t\t<\/div>\n\t\t\t\t\t\t\t\t<div class=\"elementor-field-type-date elementor-field-group elementor-column elementor-field-group-field_a763701 elementor-col-50 elementor-field-required\">\n\t\t\t\t\t\n\t\t<input type=\"date\" name=\"form_fields[field_a763701]\" id=\"form-field-field_a763701\" class=\"elementor-field elementor-size-sm  elementor-field-textual elementor-date-field\" placeholder=\"Data e lindjes\" required=\"required\" pattern=\"[0-9]{4}-[0-9]{2}-[0-9]{2}\">\n\t\t\t\t\t\t<\/div>\n\t\t\t\t\t\t\t\t<div class=\"elementor-field-type-tel elementor-field-group elementor-column elementor-field-group-field_5835956 elementor-col-50\">\n\t\t\t\t\t\t\t<input size=\"1\" type=\"tel\" name=\"form_fields[field_5835956]\" id=\"form-field-field_5835956\" class=\"elementor-field elementor-size-sm  elementor-field-textual\" placeholder=\"Numri i telefonit \" pattern=\"[0-9()#&amp;+*-=.]+\" title=\"Only numbers and phone characters (#, -, *, etc) are accepted.\">\n\n\t\t\t\t\t\t<\/div>\n\t\t\t\t\t\t\t\t<div class=\"elementor-field-type-email elementor-field-group elementor-column elementor-field-group-field_594bbc5 elementor-col-50 elementor-field-required\">\n\t\t\t\t\t\t\t\t\t\t\t\t\t<input size=\"1\" type=\"email\" name=\"form_fields[field_594bbc5]\" id=\"form-field-field_594bbc5\" class=\"elementor-field elementor-size-sm  elementor-field-textual\" placeholder=\"Email-i\" required=\"required\">\n\t\t\t\t\t\t\t\t\t\t\t<\/div>\n\t\t\t\t\t\t\t\t<div class=\"elementor-field-type-textarea elementor-field-group elementor-column elementor-field-group-message elementor-col-100\">\n\t\t\t\t\t<textarea class=\"elementor-field-textual elementor-field  elementor-size-sm\" name=\"form_fields[message]\" id=\"form-field-message\" rows=\"4\" placeholder=\"Mesazhi\"><\/textarea>\t\t\t\t<\/div>\n\t\t\t\t\t\t\t\t<div class=\"elementor-field-group elementor-column elementor-field-type-submit elementor-col-100 e-form__buttons\">\n\t\t\t\t\t<button class=\"elementor-button elementor-size-md\" type=\"submit\">\n\t\t\t\t\t\t<span class=\"elementor-button-content-wrapper\">\n\t\t\t\t\t\t\t\t\t\t\t\t\t\t\t<span class=\"elementor-button-icon\">\n\t\t\t\t\t\t\t\t\t<svg xmlns=\"http:\/\/www.w3.org\/2000\/svg\" width=\"24\" height=\"24\" viewBox=\"0 0 24 24\" fill=\"none\" stroke=\"currentColor\" stroke-width=\"2\" stroke-linecap=\"round\" stroke-linejoin=\"round\" class=\"lucide lucide-arrow-right-icon lucide-arrow-right\"><path d=\"M5 12h14\"><\/path><path d=\"m12 5 7 7-7 7\"><\/path><\/svg>\t\t\t\t\t\t\t\t\t\t\t\t\t\t\t\t\t<\/span>\n\t\t\t\t\t\t\t\t\t\t\t\t\t\t\t\t\t\t\t\t\t\t<span class=\"elementor-button-text\">REZERVO TANI<\/span>\n\t\t\t\t\t\t\t\t\t\t\t\t\t<\/span>\n\t\t\t\t\t<\/button>\n\t\t\t\t<\/div>\n\t\t\t<\/div>\n\t\t<\/form>\n\t\t\t\t\t\t<\/div>\n\t\t\t\t<\/div>\n\t\t\t\t\t<\/div>\n\t\t\t\t<\/div>\n\t\t\t\t<\/div>\n\t\t","protected":false},"excerpt":{"rendered":"<p>B\u00ebhu pjes\u00eb e ekipit ton\u00eb! T-Run Taxi po k\u00ebrkon shofer\u00eb energjik\u00eb dhe t\u00eb p\u00ebrgjegjsh\u00ebm p\u00ebr t\u00eb operuar n\u00eb qytetin e Tiran\u00ebs. K\u00ebrkesat: Leje drejtimi e vlefshme, kategoria D D\u00ebshmi Taxi n\u00eb fuqi D\u00ebshir\u00eb p\u00ebr t\u00eb punuar dhe p\u00ebr t\u00eb fituar mir\u00eb \u00c7far\u00eb ofrojm\u00eb: Lokacion fleksib\u00ebl Pages\u00eb n\u00eb baz\u00eb p\u00ebrqindjeje Mund\u00ebsi p\u00ebr t\u00eb aplikuar leht\u00ebsisht p\u00ebrmes [&hellip;]<\/p>\n","protected":false},"author":1,"featured_media":0,"parent":0,"menu_order":0,"comment_status":"closed","ping_status":"closed","template":"tpl-default-elementor.php","meta":{"footnotes":""},"class_list":["post-256","page","type-page","status-publish","hentry"],"yoast_head":"<!-- This site is optimized with the Yoast SEO plugin v25.2 - https:\/\/yoast.com\/wordpress\/plugins\/seo\/ -->\n<title>Karriera | T-Run Taxi<\/title>\n<meta name=\"robots\" content=\"index, follow, max-snippet:-1, max-image-preview:large, max-video-preview:-1\" \/>\n<link rel=\"canonical\" href=\"https:\/\/truntaxi.com\/sq\/karriera\/\" \/>\n<meta property=\"og:locale\" content=\"sq_AL\" \/>\n<meta property=\"og:type\" content=\"article\" \/>\n<meta property=\"og:title\" content=\"Karriera | T-Run Taxi\" \/>\n<meta property=\"og:description\" content=\"B\u00ebhu pjes\u00eb e ekipit ton\u00eb! T-Run Taxi po k\u00ebrkon shofer\u00eb energjik\u00eb dhe t\u00eb p\u00ebrgjegjsh\u00ebm p\u00ebr t\u00eb operuar n\u00eb qytetin e Tiran\u00ebs. K\u00ebrkesat: Leje drejtimi e vlefshme, kategoria D D\u00ebshmi Taxi n\u00eb fuqi D\u00ebshir\u00eb p\u00ebr t\u00eb punuar dhe p\u00ebr t\u00eb fituar mir\u00eb \u00c7far\u00eb ofrojm\u00eb: Lokacion fleksib\u00ebl Pages\u00eb n\u00eb baz\u00eb p\u00ebrqindjeje Mund\u00ebsi p\u00ebr t\u00eb aplikuar leht\u00ebsisht p\u00ebrmes [&hellip;]\" \/>\n<meta property=\"og:url\" content=\"https:\/\/truntaxi.com\/sq\/karriera\/\" \/>\n<meta property=\"og:site_name\" content=\"T-Run Taxi\" \/>\n<meta property=\"article:modified_time\" content=\"2025-05-09T12:07:10+00:00\" \/>\n<meta property=\"og:image\" content=\"https:\/\/truntaxi.com\/wp-content\/uploads\/2025\/05\/343492631_3381756855370384_8679719885532258720_n-Photoroom.png\" \/>\n\t<meta property=\"og:image:width\" content=\"959\" \/>\n\t<meta property=\"og:image:height\" content=\"671\" \/>\n\t<meta property=\"og:image:type\" content=\"image\/png\" \/>\n<meta name=\"twitter:card\" content=\"summary_large_image\" \/>\n<meta name=\"twitter:label1\" content=\"Est. reading time\" \/>\n\t<meta name=\"twitter:data1\" content=\"1 minute\" \/>\n<script type=\"application\/ld+json\" class=\"yoast-schema-graph\">{\"@context\":\"https:\/\/schema.org\",\"@graph\":[{\"@type\":\"WebPage\",\"@id\":\"https:\/\/truntaxi.com\/sq\/karriera\/\",\"url\":\"https:\/\/truntaxi.com\/sq\/karriera\/\",\"name\":\"Karriera | T-Run Taxi\",\"isPartOf\":{\"@id\":\"https:\/\/truntaxi.com\/sq\/#website\"},\"datePublished\":\"2020-04-11T08:30:07+00:00\",\"dateModified\":\"2025-05-09T12:07:10+00:00\",\"breadcrumb\":{\"@id\":\"https:\/\/truntaxi.com\/sq\/karriera\/#breadcrumb\"},\"inLanguage\":\"sq-AL\",\"potentialAction\":[{\"@type\":\"ReadAction\",\"target\":[\"https:\/\/truntaxi.com\/sq\/karriera\/\"]}]},{\"@type\":\"BreadcrumbList\",\"@id\":\"https:\/\/truntaxi.com\/sq\/karriera\/#breadcrumb\",\"itemListElement\":[{\"@type\":\"ListItem\",\"position\":1,\"name\":\"Home\",\"item\":\"https:\/\/truntaxi.com\/sq\/\"},{\"@type\":\"ListItem\",\"position\":2,\"name\":\"Karriera\"}]},{\"@type\":\"WebSite\",\"@id\":\"https:\/\/truntaxi.com\/sq\/#website\",\"url\":\"https:\/\/truntaxi.com\/sq\/\",\"name\":\"Taxi Tirana \u2013 Aeroporto Rinas\",\"description\":\"\",\"publisher\":{\"@id\":\"https:\/\/truntaxi.com\/sq\/#organization\"},\"potentialAction\":[{\"@type\":\"SearchAction\",\"target\":{\"@type\":\"EntryPoint\",\"urlTemplate\":\"https:\/\/truntaxi.com\/sq\/?s={search_term_string}\"},\"query-input\":{\"@type\":\"PropertyValueSpecification\",\"valueRequired\":true,\"valueName\":\"search_term_string\"}}],\"inLanguage\":\"sq-AL\"},{\"@type\":\"Organization\",\"@id\":\"https:\/\/truntaxi.com\/sq\/#organization\",\"name\":\"T-Run Taxi\",\"url\":\"https:\/\/truntaxi.com\/sq\/\",\"logo\":{\"@type\":\"ImageObject\",\"inLanguage\":\"sq-AL\",\"@id\":\"https:\/\/truntaxi.com\/sq\/#\/schema\/logo\/image\/\",\"url\":\"https:\/\/truntaxi.com\/wp-content\/uploads\/2025\/05\/t-run-logo.svg\",\"contentUrl\":\"https:\/\/truntaxi.com\/wp-content\/uploads\/2025\/05\/t-run-logo.svg\",\"width\":150,\"height\":82,\"caption\":\"T-Run Taxi\"},\"image\":{\"@id\":\"https:\/\/truntaxi.com\/sq\/#\/schema\/logo\/image\/\"}}]}<\/script>\n<!-- \/ Yoast SEO plugin. -->","yoast_head_json":{"title":"Karriera | T-Run Taxi","robots":{"index":"index","follow":"follow","max-snippet":"max-snippet:-1","max-image-preview":"max-image-preview:large","max-video-preview":"max-video-preview:-1"},"canonical":"https:\/\/truntaxi.com\/sq\/karriera\/","og_locale":"sq_AL","og_type":"article","og_title":"Karriera | T-Run Taxi","og_description":"B\u00ebhu pjes\u00eb e ekipit ton\u00eb! T-Run Taxi po k\u00ebrkon shofer\u00eb energjik\u00eb dhe t\u00eb p\u00ebrgjegjsh\u00ebm p\u00ebr t\u00eb operuar n\u00eb qytetin e Tiran\u00ebs. K\u00ebrkesat: Leje drejtimi e vlefshme, kategoria D D\u00ebshmi Taxi n\u00eb fuqi D\u00ebshir\u00eb p\u00ebr t\u00eb punuar dhe p\u00ebr t\u00eb fituar mir\u00eb \u00c7far\u00eb ofrojm\u00eb: Lokacion fleksib\u00ebl Pages\u00eb n\u00eb baz\u00eb p\u00ebrqindjeje Mund\u00ebsi p\u00ebr t\u00eb aplikuar leht\u00ebsisht p\u00ebrmes [&hellip;]","og_url":"https:\/\/truntaxi.com\/sq\/karriera\/","og_site_name":"T-Run Taxi","article_modified_time":"2025-05-09T12:07:10+00:00","og_image":[{"width":959,"height":671,"url":"https:\/\/truntaxi.com\/wp-content\/uploads\/2025\/05\/343492631_3381756855370384_8679719885532258720_n-Photoroom.png","type":"image\/png"}],"twitter_card":"summary_large_image","twitter_misc":{"Est. reading time":"1 minute"},"schema":{"@context":"https:\/\/schema.org","@graph":[{"@type":"WebPage","@id":"https:\/\/truntaxi.com\/sq\/karriera\/","url":"https:\/\/truntaxi.com\/sq\/karriera\/","name":"Karriera | T-Run Taxi","isPartOf":{"@id":"https:\/\/truntaxi.com\/sq\/#website"},"datePublished":"2020-04-11T08:30:07+00:00","dateModified":"2025-05-09T12:07:10+00:00","breadcrumb":{"@id":"https:\/\/truntaxi.com\/sq\/karriera\/#breadcrumb"},"inLanguage":"sq-AL","potentialAction":[{"@type":"ReadAction","target":["https:\/\/truntaxi.com\/sq\/karriera\/"]}]},{"@type":"BreadcrumbList","@id":"https:\/\/truntaxi.com\/sq\/karriera\/#breadcrumb","itemListElement":[{"@type":"ListItem","position":1,"name":"Home","item":"https:\/\/truntaxi.com\/sq\/"},{"@type":"ListItem","position":2,"name":"Karriera"}]},{"@type":"WebSite","@id":"https:\/\/truntaxi.com\/sq\/#website","url":"https:\/\/truntaxi.com\/sq\/","name":"Taxi Tirana \u2013 Aeroporto Rinas","description":"","publisher":{"@id":"https:\/\/truntaxi.com\/sq\/#organization"},"potentialAction":[{"@type":"SearchAction","target":{"@type":"EntryPoint","urlTemplate":"https:\/\/truntaxi.com\/sq\/?s={search_term_string}"},"query-input":{"@type":"PropertyValueSpecification","valueRequired":true,"valueName":"search_term_string"}}],"inLanguage":"sq-AL"},{"@type":"Organization","@id":"https:\/\/truntaxi.com\/sq\/#organization","name":"T-Run Taxi","url":"https:\/\/truntaxi.com\/sq\/","logo":{"@type":"ImageObject","inLanguage":"sq-AL","@id":"https:\/\/truntaxi.com\/sq\/#\/schema\/logo\/image\/","url":"https:\/\/truntaxi.com\/wp-content\/uploads\/2025\/05\/t-run-logo.svg","contentUrl":"https:\/\/truntaxi.com\/wp-content\/uploads\/2025\/05\/t-run-logo.svg","width":150,"height":82,"caption":"T-Run Taxi"},"image":{"@id":"https:\/\/truntaxi.com\/sq\/#\/schema\/logo\/image\/"}}]}},"_links":{"self":[{"href":"https:\/\/truntaxi.com\/sq\/wp-json\/wp\/v2\/pages\/256","targetHints":{"allow":["GET"]}}],"collection":[{"href":"https:\/\/truntaxi.com\/sq\/wp-json\/wp\/v2\/pages"}],"about":[{"href":"https:\/\/truntaxi.com\/sq\/wp-json\/wp\/v2\/types\/page"}],"author":[{"embeddable":true,"href":"https:\/\/truntaxi.com\/sq\/wp-json\/wp\/v2\/users\/1"}],"replies":[{"embeddable":true,"href":"https:\/\/truntaxi.com\/sq\/wp-json\/wp\/v2\/comments?post=256"}],"version-history":[{"count":33,"href":"https:\/\/truntaxi.com\/sq\/wp-json\/wp\/v2\/pages\/256\/revisions"}],"predecessor-version":[{"id":3535,"href":"https:\/\/truntaxi.com\/sq\/wp-json\/wp\/v2\/pages\/256\/revisions\/3535"}],"wp:attachment":[{"href":"https:\/\/truntaxi.com\/sq\/wp-json\/wp\/v2\/media?parent=256"}],"curies":[{"name":"wp","href":"https:\/\/api.w.org\/{rel}","templated":true}]}}